{"id":800,"date":"2024-08-01T17:22:12","date_gmt":"2024-08-01T17:22:12","guid":{"rendered":"https:\/\/fabiomega.com.br\/?page_id=800"},"modified":"2024-08-01T17:28:52","modified_gmt":"2024-08-01T17:28:52","slug":"termos-de-uso","status":"publish","type":"page","link":"https:\/\/fabiomega.com.br\/index.php\/termos-de-uso\/","title":{"rendered":"Termos de uso"},"content":{"rendered":"\t\t<div data-elementor-type=\"wp-page\" data-elementor-id=\"800\" class=\"elementor elementor-800\">\n\t\t\t\t\t\t<section class=\"elementor-section elementor-top-section elementor-element elementor-element-6a69586f elementor-section-boxed elementor-section-height-default elementor-section-height-default\" data-id=\"6a69586f\" data-element_type=\"section\">\n\t\t\t\t\t\t<div class=\"elementor-container elementor-column-gap-default\">\n\t\t\t\t\t<div class=\"elementor-column elementor-col-100 elementor-top-column elementor-element elementor-element-418eafee\" data-id=\"418eafee\" data-element_type=\"column\">\n\t\t\t<div class=\"elementor-widget-wrap elementor-element-populated\">\n\t\t\t\t\t\t<section class=\"elementor-section elementor-inner-section elementor-element elementor-element-49c3571e elementor-section-boxed elementor-section-height-default elementor-section-height-default\" data-id=\"49c3571e\" data-element_type=\"section\">\n\t\t\t\t\t\t<div class=\"elementor-container elementor-column-gap-default\">\n\t\t\t\t\t<div class=\"elementor-column elementor-col-100 elementor-inner-column elementor-element elementor-element-374d02b3\" data-id=\"374d02b3\" data-element_type=\"column\">\n\t\t\t<div class=\"elementor-widget-wrap elementor-element-populated\">\n\t\t\t\t\t\t<div class=\"elementor-element elementor-element-12b166e8 elementor-widget elementor-widget-text-editor\" data-id=\"12b166e8\" data-element_type=\"widget\" data-widget_type=\"text-editor.default\">\n\t\t\t\t<div class=\"elementor-widget-container\">\n\t\t\t\t\t\t\t\t\t<p>TERMOS E CONDI\u00c7\u00d5ES DE USO<\/p>\t\t\t\t\t\t\t\t<\/div>\n\t\t\t\t<\/div>\n\t\t\t\t<div class=\"elementor-element elementor-element-7e599525 elementor-widget elementor-widget-text-editor\" data-id=\"7e599525\" data-element_type=\"widget\" data-widget_type=\"text-editor.default\">\n\t\t\t\t<div class=\"elementor-widget-container\">\n\t\t\t\t\t\t\t\t\t<p><span style=\"color: #000000;\">Se voc\u00ea n\u00e3o concordar com os nossos Termos e Condi\u00e7\u00f5es de Uso de qualquer maneira, por favor n\u00e3o use nossos produtos, aplica\u00e7\u00f5es e website. Se voc\u00ea continuar a navegar e a utilizar os nossos servi\u00e7os e produtos, estar\u00e1 sujeito a concordar com os nossos Termos e Condi\u00e7\u00f5es de Uso e Pol\u00edtica de Privacidade publicados em\u00a0<\/span><span style=\"color: #000000;\"><b>https:\/\/fabiomega.com.br\/<\/b><\/span><\/p><p><span style=\"color: #000000;\"><strong>A utiliza\u00e7\u00e3o deste site est\u00e1 sujeita aos seguintes\u00a0termos:<\/strong><\/span><\/p><ul><li><span style=\"color: #000000;\">Todas as marcas reproduzidas neste site, que n\u00e3o s\u00e3o de propriedade ou licenciadas para o operador, s\u00e3o reconhecidas no website.<\/span><\/li><li><span style=\"color: #000000;\">N\u00e3o \u00e9 permitido a c\u00f3pia de conte\u00fado, gr\u00e1ficos, design, apar\u00eancia e layout de nosso site para ningu\u00e9m sem nossa permiss\u00e3o.\u00a0Voc\u00ea deve nos enviar um e-mail para <strong>contato@jato7d.com.br<\/strong>\u00a0para obter permiss\u00e3o para usar nosso conte\u00fado.\u00a0O uso n\u00e3o autorizado deste site pode causar uma a\u00e7\u00e3o criminal contra voc\u00ea.<\/span><\/li><\/ul><ul><li><span style=\"color: #000000;\">Voc\u00ea ser\u00e1 respons\u00e1vel por danos (incluindo danos, custas e honor\u00e1rios advocat\u00edcios) caso expresse indevidamente que o site ou uma p\u00e1gina da web est\u00e1 violando seus direitos autorais.<\/span><\/li><li><span style=\"color: #000000;\">N\u00e3o nos responsabilizamos, caso voc\u00ea receba algum\u00a0coment\u00e1rio ofensivo e abusivo em seu site, n\u00e3o apoiamos isso de nossa parte ou de ningu\u00e9m.<\/span><\/li><li><span style=\"color: #000000;\">Voc\u00ea entende e concorda que o uso de nosso site \u00e9 limitado e n\u00e3o exclusivo e podemos encerr\u00e1-lo por qualquer motivo, sem aviso pr\u00e9vio.<\/span><\/li><li><span style=\"color: #000000;\">De vez em quando, podemos oferecer e \/ou co-patrocinar concursos ou promo\u00e7\u00f5es no nosso site.\u00a0Cada uma dessas atividades ser\u00e1 regida por regras espec\u00edficas acess\u00edveis nas p\u00e1ginas do site que oferece a promo\u00e7\u00e3o ou quando voc\u00ea enviar sua inscri\u00e7\u00e3o.<\/span><\/li><li><span style=\"color: #000000;\">N\u00f3s nos reservamos o direito de modificar, mudar tempor\u00e1ria e permanentemente nossos termos e pol\u00edticas a qualquer momento, sem qualquer aviso pr\u00e9vio.\u00a0\u00c9 sua responsabilidade estar atualizado e verificar nossos termos e pol\u00edticas de tempos em tempos.<\/span><\/li><li><span style=\"color: #000000;\">Estes Termos e condi\u00e7\u00f5es e todos os outros documentos legais publicados no site constituem o acordo integral entre voc\u00ea e <strong>O Neg\u00f3cio da Unhas<\/strong>, no que diz respeito ao uso do site, incluindo o conte\u00fado, gr\u00e1ficos, design, apar\u00eancia e comportamento.<\/span><a href=\"https:\/\/fabiomega.com.br\/\">Fabio Mega<\/a><\/li><\/ul>\t\t\t\t\t\t\t\t<\/div>\n\t\t\t\t<\/div>\n\t\t\t\t\t<\/div>\n\t\t<\/div>\n\t\t\t\t\t<\/div>\n\t\t<\/section>\n\t\t\t\t\t<\/div>\n\t\t<\/div>\n\t\t\t\t\t<\/div>\n\t\t<\/section>\n\t\t\t\t<section class=\"elementor-section elementor-top-section elementor-element elementor-element-4a0f847e elementor-section-boxed elementor-section-height-default elementor-section-height-default\" data-id=\"4a0f847e\" data-element_type=\"section\" data-settings=\"{&quot;background_background&quot;:&quot;classic&quot;}\">\n\t\t\t\t\t\t<div class=\"elementor-container elementor-column-gap-default\">\n\t\t\t\t\t<div class=\"elementor-column elementor-col-100 elementor-top-column elementor-element elementor-element-17dcfd9f\" data-id=\"17dcfd9f\" data-element_type=\"column\">\n\t\t\t<div class=\"elementor-widget-wrap elementor-element-populated\">\n\t\t\t\t\t\t<section class=\"elementor-section elementor-inner-section elementor-element elementor-element-25112408 elementor-section-boxed elementor-section-height-default elementor-section-height-default\" data-id=\"25112408\" data-element_type=\"section\">\n\t\t\t\t\t\t<div class=\"elementor-container elementor-column-gap-default\">\n\t\t\t\t\t<div class=\"elementor-column elementor-col-100 elementor-inner-column elementor-element elementor-element-41847a66\" data-id=\"41847a66\" data-element_type=\"column\">\n\t\t\t<div class=\"elementor-widget-wrap elementor-element-populated\">\n\t\t\t\t\t\t<div class=\"elementor-element elementor-element-79d2fc62 elementor-widget elementor-widget-text-editor\" data-id=\"79d2fc62\" data-element_type=\"widget\" data-widget_type=\"text-editor.default\">\n\t\t\t\t<div class=\"elementor-widget-container\">\n\t\t\t\t\t\t\t\t\t<p><b>Este site n\u00e3o \u00e9 afiliado ao Facebook ou a qualquer entidade do Facebook.<\/b>\u00a0Depois que voc\u00ea sair do Facebook, a responsabilidade n\u00e3o \u00e9 deles e sim do nosso site. Fazemos todos os esfor\u00e7os para indicar claramente e mostrar todas as provas do produto e usamos resultados reais.\u00a0<\/p>\t\t\t\t\t\t\t\t<\/div>\n\t\t\t\t<\/div>\n\t\t\t\t\t<\/div>\n\t\t<\/div>\n\t\t\t\t\t<\/div>\n\t\t<\/section>\n\t\t\t\t\t<\/div>\n\t\t<\/div>\n\t\t\t\t\t<\/div>\n\t\t<\/section>\n\t\t\t\t<\/div>\n\t\t","protected":false},"excerpt":{"rendered":"<p>TERMOS E CONDI\u00c7\u00d5ES DE USO Se voc\u00ea n\u00e3o concordar com os nossos Termos e Condi\u00e7\u00f5es de Uso de qualquer maneira, por favor n\u00e3o use nossos produtos, aplica\u00e7\u00f5es e website. Se voc\u00ea continuar a navegar e a utilizar os nossos servi\u00e7os e produtos, estar\u00e1 sujeito a concordar com os nossos Termos e Condi\u00e7\u00f5es de Uso e [&hellip;]<\/p>\n","protected":false},"author":1,"featured_media":0,"parent":0,"menu_order":0,"comment_status":"closed","ping_status":"closed","template":"elementor_canvas","meta":{"footnotes":""},"class_list":["post-800","page","type-page","status-publish","hentry"],"_links":{"self":[{"href":"https:\/\/fabiomega.com.br\/index.php\/wp-json\/wp\/v2\/pages\/800"}],"collection":[{"href":"https:\/\/fabiomega.com.br\/index.php\/wp-json\/wp\/v2\/pages"}],"about":[{"href":"https:\/\/fabiomega.com.br\/index.php\/wp-json\/wp\/v2\/types\/page"}],"author":[{"embeddable":true,"href":"https:\/\/fabiomega.com.br\/index.php\/wp-json\/wp\/v2\/users\/1"}],"replies":[{"embeddable":true,"href":"https:\/\/fabiomega.com.br\/index.php\/wp-json\/wp\/v2\/comments?post=800"}],"version-history":[{"count":0,"href":"https:\/\/fabiomega.com.br\/index.php\/wp-json\/wp\/v2\/pages\/800\/revisions"}],"wp:attachment":[{"href":"https:\/\/fabiomega.com.br\/index.php\/wp-json\/wp\/v2\/media?parent=800"}],"curies":[{"name":"wp","href":"https:\/\/api.w.org\/{rel}","templated":true}]}}